{"id":1439,"date":"2022-10-15T10:05:28","date_gmt":"2022-10-15T10:05:28","guid":{"rendered":"https:\/\/www.lynaderm.com\/?post_type=product&#038;p=1439"},"modified":"2022-10-15T10:06:31","modified_gmt":"2022-10-15T10:06:31","slug":"lavender-mask","status":"publish","type":"product","link":"https:\/\/www.lynaderm.com\/tr_tr\/magaza\/kabin-urunleri\/maskeler\/modelling-maskeler\/lavender-mask\/","title":{"rendered":"Lavender Mask"},"content":{"rendered":"","protected":false},"excerpt":{"rendered":"<p class=\"p1\">\n<p class=\"p2\">Lavender maskesi, cilt ya\u015flanmas\u0131na neden olan gerilme, k\u0131zar\u0131kl\u0131k ve iltihaplar\u0131 \u00f6nlemeye destek verir.<span class=\"Apple-converted-space\">\u00a0<\/span><\/p>\n<p class=\"p2\">T\u00fcm hassas ve nemsiz ciltlerde sakinle\u015ftirici etkisi sayesinde kullan\u0131labilir. Hassas ve nemsiz ciltlerde nemlendirme yaparak cildi korur ve k\u0131r\u0131\u015f\u0131klar\u0131 engellemeye yard\u0131mc\u0131 olur.<\/p>\n<p class=\"p2\"><b>Aktif \u0130\u00e7erik: <\/b>Yosun, Lavanta<span class=\"Apple-converted-space\">\u00a0 <\/span>Poleni, Lavanta \u00c7i\u00e7e\u011fi \u00d6z\u00fc<\/p>\n<p class=\"p2\">Hassas, Yorgun Ve Kuru Ciltler<\/p>\n<p class=\"p2\">1 kg<\/p>\n","protected":false},"featured_media":1440,"comment_status":"open","ping_status":"closed","template":"","meta":[],"class_list":{"0":"post-1439","1":"product","2":"type-product","3":"status-publish","4":"has-post-thumbnail","6":"product_cat-modelling-maskeler","7":"product_tag-kabin-urunleri","9":"first","10":"outofstock","11":"shipping-taxable","12":"product-type-simple"},"_links":{"self":[{"href":"https:\/\/www.lynaderm.com\/tr_tr\/wp-json\/wp\/v2\/product\/1439","targetHints":{"allow":["GET"]}}],"collection":[{"href":"https:\/\/www.lynaderm.com\/tr_tr\/wp-json\/wp\/v2\/product"}],"about":[{"href":"https:\/\/www.lynaderm.com\/tr_tr\/wp-json\/wp\/v2\/types\/product"}],"replies":[{"embeddable":true,"href":"https:\/\/www.lynaderm.com\/tr_tr\/wp-json\/wp\/v2\/comments?post=1439"}],"wp:featuredmedia":[{"embeddable":true,"href":"https:\/\/www.lynaderm.com\/tr_tr\/wp-json\/wp\/v2\/media\/1440"}],"wp:attachment":[{"href":"https:\/\/www.lynaderm.com\/tr_tr\/wp-json\/wp\/v2\/media?parent=1439"}],"curies":[{"name":"wp","href":"https:\/\/api.w.org\/{rel}","templated":true}]}}