{"id":1441,"date":"2022-10-15T10:08:01","date_gmt":"2022-10-15T10:08:01","guid":{"rendered":"https:\/\/www.lynaderm.com\/?post_type=product&#038;p=1441"},"modified":"2022-10-15T10:09:19","modified_gmt":"2022-10-15T10:09:19","slug":"lemongrass-mask","status":"publish","type":"product","link":"https:\/\/www.lynaderm.com\/tr_tr\/magaza\/kabin-urunleri\/maskeler\/modelling-maskeler\/lemongrass-mask\/","title":{"rendered":"Lemongrass Mask"},"content":{"rendered":"","protected":false},"excerpt":{"rendered":"<p class=\"p2\">Karma ve ya\u011fl\u0131 ciltlerde kullan\u0131m\u0131 uygun olan Limon otunun yaprak ve \u00f6zlerinden olu\u015fan toz modelling maske cildi \u00f6l\u00fc h\u00fccrelerden ar\u0131nd\u0131rarak yeniler, antiseptik \u00f6zelli\u011fi ile cildi temizlerken, g\u00f6zenekleri s\u0131k\u0131la\u015ft\u0131r\u0131r. Cilt kaslar\u0131nda rahatlama sa\u011flar canl\u0131, sa\u011fl\u0131kla \u0131\u015f\u0131ldayan bir cilt sunar.<\/p>\n<p class=\"p2\"><span class=\"s1\"><b>Aktif \u0130\u00e7erik: <\/b><\/span>Yosun, Limon Otu Yapra\u011f\u0131, Limon Otu \u00d6z\u00fc<\/p>\n<p class=\"p1\">Karma ve Ya\u011fl\u0131 Ciltler<\/p>\n<p class=\"p3\">1 kg<\/p>\n","protected":false},"featured_media":1442,"comment_status":"open","ping_status":"closed","template":"","meta":[],"class_list":{"0":"post-1441","1":"product","2":"type-product","3":"status-publish","4":"has-post-thumbnail","6":"product_cat-modelling-maskeler","7":"product_tag-kabin-urunleri","9":"first","10":"outofstock","11":"shipping-taxable","12":"product-type-simple"},"_links":{"self":[{"href":"https:\/\/www.lynaderm.com\/tr_tr\/wp-json\/wp\/v2\/product\/1441","targetHints":{"allow":["GET"]}}],"collection":[{"href":"https:\/\/www.lynaderm.com\/tr_tr\/wp-json\/wp\/v2\/product"}],"about":[{"href":"https:\/\/www.lynaderm.com\/tr_tr\/wp-json\/wp\/v2\/types\/product"}],"replies":[{"embeddable":true,"href":"https:\/\/www.lynaderm.com\/tr_tr\/wp-json\/wp\/v2\/comments?post=1441"}],"wp:featuredmedia":[{"embeddable":true,"href":"https:\/\/www.lynaderm.com\/tr_tr\/wp-json\/wp\/v2\/media\/1442"}],"wp:attachment":[{"href":"https:\/\/www.lynaderm.com\/tr_tr\/wp-json\/wp\/v2\/media?parent=1441"}],"curies":[{"name":"wp","href":"https:\/\/api.w.org\/{rel}","templated":true}]}}