{"id":1443,"date":"2022-10-15T10:09:46","date_gmt":"2022-10-15T10:09:46","guid":{"rendered":"https:\/\/www.lynaderm.com\/?post_type=product&#038;p=1443"},"modified":"2022-10-15T10:10:40","modified_gmt":"2022-10-15T10:10:40","slug":"pumpkin-mask","status":"publish","type":"product","link":"https:\/\/www.lynaderm.com\/tr_tr\/magaza\/kabin-urunleri\/maskeler\/modelling-maskeler\/pumpkin-mask\/","title":{"rendered":"Pumpkin Mask"},"content":{"rendered":"","protected":false},"excerpt":{"rendered":"<p class=\"p1\">\n<p class=\"p1\">Balkaba\u011f\u0131 maskesi, cildin \u00f6l\u00fc h\u00fccrelerini temizleyerek ve cildi besleyerek k\u0131r\u0131\u015f\u0131kl\u0131klar\u0131n, cilt lekelerinin g\u00f6r\u00fcn\u00fcm\u00fcn\u00fc azaltmaya yard\u0131mc\u0131 olur. \u0130\u00e7erisinde bulunan antioksidan mineraller, E ve A vitaminleri cildi serbest radikallere kar\u015f\u0131 destekler. Kolajen \u00fcretimini artt\u0131rmaya yard\u0131mc\u0131 olur.<span class=\"Apple-converted-space\">\u00a0<\/span><\/p>\n<p class=\"p1\">Hassas g\u00f6z alt\u0131 ve g\u00f6z \u00e7evresi bak\u0131m\u0131 yapar. G\u00f6z \u00e7evresinin daha sa\u011fl\u0131kl\u0131 ve bak\u0131ml\u0131 g\u00f6r\u00fcnmesini sa\u011flar.<\/p>\n<p class=\"p1\"><b>Aktif \u0130\u00e7erik: <\/b>Yosun, Balkaba\u011f\u0131 \u00d6z\u00fc<\/p>\n<p class=\"p1\">T\u00fcm Cilt Tipleri<\/p>\n<p class=\"p1\">1 kg<\/p>\n","protected":false},"featured_media":1444,"comment_status":"open","ping_status":"closed","template":"","meta":[],"class_list":{"0":"post-1443","1":"product","2":"type-product","3":"status-publish","4":"has-post-thumbnail","6":"product_cat-modelling-maskeler","7":"product_tag-kabin-urunleri","9":"first","10":"outofstock","11":"shipping-taxable","12":"product-type-simple"},"_links":{"self":[{"href":"https:\/\/www.lynaderm.com\/tr_tr\/wp-json\/wp\/v2\/product\/1443","targetHints":{"allow":["GET"]}}],"collection":[{"href":"https:\/\/www.lynaderm.com\/tr_tr\/wp-json\/wp\/v2\/product"}],"about":[{"href":"https:\/\/www.lynaderm.com\/tr_tr\/wp-json\/wp\/v2\/types\/product"}],"replies":[{"embeddable":true,"href":"https:\/\/www.lynaderm.com\/tr_tr\/wp-json\/wp\/v2\/comments?post=1443"}],"wp:featuredmedia":[{"embeddable":true,"href":"https:\/\/www.lynaderm.com\/tr_tr\/wp-json\/wp\/v2\/media\/1444"}],"wp:attachment":[{"href":"https:\/\/www.lynaderm.com\/tr_tr\/wp-json\/wp\/v2\/media?parent=1443"}],"curies":[{"name":"wp","href":"https:\/\/api.w.org\/{rel}","templated":true}]}}