{"id":1446,"date":"2022-10-15T10:19:14","date_gmt":"2022-10-15T10:19:14","guid":{"rendered":"https:\/\/www.lynaderm.com\/?post_type=product&#038;p=1446"},"modified":"2022-11-23T10:17:44","modified_gmt":"2022-11-23T10:17:44","slug":"acne-serum-2","status":"publish","type":"product","link":"https:\/\/www.lynaderm.com\/tr_tr\/magaza\/kabin-urunleri\/serumlar\/serumlar-2\/acne-serum-2\/","title":{"rendered":"Acne Serum"},"content":{"rendered":"","protected":false},"excerpt":{"rendered":"<p class=\"p1\"><b>Akneli Ciltler<\/b><\/p>\n<p class=\"p1\">Serum; cildin PH de\u011ferini d\u00fczenleyerek ya\u011f ve nem dengesini kontrol alt\u0131na al\u0131r.<span class=\"Apple-converted-space\">\u00a0<\/span><\/p>\n<p class=\"p1\">Sebum salg\u0131s\u0131n\u0131 azaltarak, k\u0131l ve ya\u011f bezlerinin iltihaplanmas\u0131ndan dolay\u0131 olu\u015fan akne olu\u015fumunun giderilmesine ve g\u00f6zenek s\u0131k\u0131la\u015fmas\u0131na yard\u0131mc\u0131 olur.<\/p>\n<p>\u2022 Sabah ve ak\u015fam kullan\u0131ma uygundur.<\/p>\n<p class=\"p1\"><b>Aktif \u0130\u00e7erik: <\/b>Niacinamide, Salicylic acid, At kestanesi \u00d6z\u00fc<\/p>\n<p class=\"p1\"><b>30 ml<\/b><\/p>\n","protected":false},"featured_media":1447,"comment_status":"open","ping_status":"closed","template":"","meta":[],"class_list":{"0":"post-1446","1":"product","2":"type-product","3":"status-publish","4":"has-post-thumbnail","6":"product_cat-serumlar-2","7":"product_tag-kabin-urunleri","9":"first","10":"outofstock","11":"shipping-taxable","12":"product-type-simple"},"_links":{"self":[{"href":"https:\/\/www.lynaderm.com\/tr_tr\/wp-json\/wp\/v2\/product\/1446","targetHints":{"allow":["GET"]}}],"collection":[{"href":"https:\/\/www.lynaderm.com\/tr_tr\/wp-json\/wp\/v2\/product"}],"about":[{"href":"https:\/\/www.lynaderm.com\/tr_tr\/wp-json\/wp\/v2\/types\/product"}],"replies":[{"embeddable":true,"href":"https:\/\/www.lynaderm.com\/tr_tr\/wp-json\/wp\/v2\/comments?post=1446"}],"wp:featuredmedia":[{"embeddable":true,"href":"https:\/\/www.lynaderm.com\/tr_tr\/wp-json\/wp\/v2\/media\/1447"}],"wp:attachment":[{"href":"https:\/\/www.lynaderm.com\/tr_tr\/wp-json\/wp\/v2\/media?parent=1446"}],"curies":[{"name":"wp","href":"https:\/\/api.w.org\/{rel}","templated":true}]}}