{"id":1448,"date":"2022-10-15T10:23:45","date_gmt":"2022-10-15T10:23:45","guid":{"rendered":"https:\/\/www.lynaderm.com\/?post_type=product&#038;p=1448"},"modified":"2022-11-23T10:09:01","modified_gmt":"2022-11-23T10:09:01","slug":"collagen-serum","status":"publish","type":"product","link":"https:\/\/www.lynaderm.com\/tr_tr\/magaza\/kabin-urunleri\/serumlar\/serumlar-2\/collagen-serum\/","title":{"rendered":"Collagen Serum"},"content":{"rendered":"","protected":false},"excerpt":{"rendered":"<p class=\"p1\"><b>Elastikiyet &#8211; S\u0131k\u0131la\u015fma\u00a0<\/b><\/p>\n<p class=\"p1\">\u0130\u00e7eri\u011findeki bitkisel kolajen (k\u0131rm\u0131z\u0131, sar\u0131 ve ye\u015fil bitki kar\u0131\u015f\u0131mlar\u0131) sayesinde fibroblastlar\u0131 tetikleyerek yeni kolajen olu\u015fumunu sa\u011flar.<span class=\"Apple-converted-space\">\u00a0<\/span><\/p>\n<p class=\"p1\">Cilt elastikiyetini art\u0131rarak daha s\u0131k\u0131 ve canl\u0131 bir g\u00f6r\u00fcn\u00fcm kazand\u0131r\u0131r.<\/p>\n<p>\u2022 Sabah ve ak\u015fam kullan\u0131ma uygundur.<\/p>\n<p class=\"p1\"><b>Aktif \u0130\u00e7erik: <\/b>Collagen, Retinol, Hyaluronic Asit<\/p>\n<p class=\"p1\"><b>30 ml<\/b><\/p>\n","protected":false},"featured_media":1449,"comment_status":"open","ping_status":"closed","template":"","meta":[],"class_list":{"0":"post-1448","1":"product","2":"type-product","3":"status-publish","4":"has-post-thumbnail","6":"product_cat-serumlar-2","7":"product_tag-kabin-urunleri","9":"first","10":"outofstock","11":"shipping-taxable","12":"product-type-simple"},"_links":{"self":[{"href":"https:\/\/www.lynaderm.com\/tr_tr\/wp-json\/wp\/v2\/product\/1448","targetHints":{"allow":["GET"]}}],"collection":[{"href":"https:\/\/www.lynaderm.com\/tr_tr\/wp-json\/wp\/v2\/product"}],"about":[{"href":"https:\/\/www.lynaderm.com\/tr_tr\/wp-json\/wp\/v2\/types\/product"}],"replies":[{"embeddable":true,"href":"https:\/\/www.lynaderm.com\/tr_tr\/wp-json\/wp\/v2\/comments?post=1448"}],"wp:featuredmedia":[{"embeddable":true,"href":"https:\/\/www.lynaderm.com\/tr_tr\/wp-json\/wp\/v2\/media\/1449"}],"wp:attachment":[{"href":"https:\/\/www.lynaderm.com\/tr_tr\/wp-json\/wp\/v2\/media?parent=1448"}],"curies":[{"name":"wp","href":"https:\/\/api.w.org\/{rel}","templated":true}]}}