{"id":1451,"date":"2022-10-15T10:27:05","date_gmt":"2022-10-15T10:27:05","guid":{"rendered":"https:\/\/www.lynaderm.com\/?post_type=product&#038;p=1451"},"modified":"2022-11-23T10:19:26","modified_gmt":"2022-11-23T10:19:26","slug":"hyaluronic-serum-2","status":"publish","type":"product","link":"https:\/\/www.lynaderm.com\/tr_tr\/magaza\/kabin-urunleri\/serumlar\/serumlar-2\/hyaluronic-serum-2\/","title":{"rendered":"Hyaluronic Serum"},"content":{"rendered":"","protected":false},"excerpt":{"rendered":"<p class=\"p1\"><b>Yo\u011fun Nem Serumu<\/b><\/p>\n<p class=\"p1\">Hyaluronic asit i\u00e7eren serumlar, ciltte uzun s\u00fcre nemlilik sa\u011flar. En efektif nem tutuculardan biri olan hyaluronic asit molek\u00fcl\u00fc, kendi a\u011f\u0131rl\u0131\u011f\u0131n\u0131n 1000 kat\u0131 kadar su tutma kapasitesine sahiptir.<span class=\"Apple-converted-space\">\u00a0<\/span><\/p>\n<p class=\"p1\">Hyaluronic asit cilde nem verirken cilt bariyerini g\u00fc\u00e7lendirerek ciltte kalkan olu\u015fturup, ince \u00e7izgilerin g\u00f6r\u00fcn\u00fcm\u00fcn\u00fc azalt\u0131r.<span class=\"Apple-converted-space\">\u00a0<\/span><\/p>\n<p>\u2022 Sabah ve ak\u015fam kullan\u0131ma uygundur.<\/p>\n<p class=\"p1\"><b>Aktif \u0130\u00e7erik: <\/b>Hyaluronic Acid, Allantoin<\/p>\n<p class=\"p1\"><b>30 ml<\/b><\/p>\n","protected":false},"featured_media":1452,"comment_status":"open","ping_status":"closed","template":"","meta":[],"class_list":{"0":"post-1451","1":"product","2":"type-product","3":"status-publish","4":"has-post-thumbnail","6":"product_cat-serumlar-2","7":"product_tag-kabin-urunleri","9":"first","10":"outofstock","11":"shipping-taxable","12":"product-type-simple"},"_links":{"self":[{"href":"https:\/\/www.lynaderm.com\/tr_tr\/wp-json\/wp\/v2\/product\/1451","targetHints":{"allow":["GET"]}}],"collection":[{"href":"https:\/\/www.lynaderm.com\/tr_tr\/wp-json\/wp\/v2\/product"}],"about":[{"href":"https:\/\/www.lynaderm.com\/tr_tr\/wp-json\/wp\/v2\/types\/product"}],"replies":[{"embeddable":true,"href":"https:\/\/www.lynaderm.com\/tr_tr\/wp-json\/wp\/v2\/comments?post=1451"}],"wp:featuredmedia":[{"embeddable":true,"href":"https:\/\/www.lynaderm.com\/tr_tr\/wp-json\/wp\/v2\/media\/1452"}],"wp:attachment":[{"href":"https:\/\/www.lynaderm.com\/tr_tr\/wp-json\/wp\/v2\/media?parent=1451"}],"curies":[{"name":"wp","href":"https:\/\/api.w.org\/{rel}","templated":true}]}}