{"id":1453,"date":"2022-10-15T10:28:55","date_gmt":"2022-10-15T10:28:55","guid":{"rendered":"https:\/\/www.lynaderm.com\/?post_type=product&#038;p=1453"},"modified":"2022-10-26T12:00:55","modified_gmt":"2022-10-26T12:00:55","slug":"peptit-serum-2","status":"publish","type":"product","link":"https:\/\/www.lynaderm.com\/tr_tr\/magaza\/kabin-urunleri\/serumlar\/serumlar-2\/peptit-serum-2\/","title":{"rendered":"Peptit Serum"},"content":{"rendered":"","protected":false},"excerpt":{"rendered":"<p class=\"p1\"><b>Anti Aging \/ Ant\u0131 Oksidant\u00a0<\/b><\/p>\n<p class=\"p1\">\u0130\u00e7eri\u011findeki tripeptit5 sayesinde, ciltte kolajen sentezini uyaran doku b\u00fcy\u00fcme fakt\u00f6r\u00fcn\u00fcn (TGFbeta) aktive olmas\u0131na yard\u0131mc\u0131 olur.<span class=\"Apple-converted-space\">\u00a0<\/span><\/p>\n<p class=\"p1\">\u00d6zellikle kolajen ve elastin kayb\u0131 nedeniyle cilt kal\u0131nl\u0131\u011f\u0131ndaki azalma ve kurulu\u011fa ba\u011fl\u0131 ince k\u0131r\u0131\u015f\u0131kl\u0131klar\u0131n g\u00f6r\u00fcn\u00fcm\u00fcn\u00fcn azalt\u0131lmas\u0131na destek verir.<\/p>\n<p class=\"p1\"><b>Aktif \u0130\u00e7erik:<\/b> Tripeptide-5, Hyaluronic Asit, Citric acid<\/p>\n<p class=\"p1\"><b>30 ml<\/b><\/p>\n","protected":false},"featured_media":1454,"comment_status":"open","ping_status":"closed","template":"","meta":[],"class_list":{"0":"post-1453","1":"product","2":"type-product","3":"status-publish","4":"has-post-thumbnail","6":"product_cat-serumlar-2","7":"product_tag-kabin-urunleri","9":"first","10":"outofstock","11":"shipping-taxable","12":"product-type-simple"},"_links":{"self":[{"href":"https:\/\/www.lynaderm.com\/tr_tr\/wp-json\/wp\/v2\/product\/1453","targetHints":{"allow":["GET"]}}],"collection":[{"href":"https:\/\/www.lynaderm.com\/tr_tr\/wp-json\/wp\/v2\/product"}],"about":[{"href":"https:\/\/www.lynaderm.com\/tr_tr\/wp-json\/wp\/v2\/types\/product"}],"replies":[{"embeddable":true,"href":"https:\/\/www.lynaderm.com\/tr_tr\/wp-json\/wp\/v2\/comments?post=1453"}],"wp:featuredmedia":[{"embeddable":true,"href":"https:\/\/www.lynaderm.com\/tr_tr\/wp-json\/wp\/v2\/media\/1454"}],"wp:attachment":[{"href":"https:\/\/www.lynaderm.com\/tr_tr\/wp-json\/wp\/v2\/media?parent=1453"}],"curies":[{"name":"wp","href":"https:\/\/api.w.org\/{rel}","templated":true}]}}