{"id":1457,"date":"2022-10-15T10:33:45","date_gmt":"2022-10-15T10:33:45","guid":{"rendered":"https:\/\/www.lynaderm.com\/?post_type=product&#038;p=1457"},"modified":"2022-11-23T10:22:51","modified_gmt":"2022-11-23T10:22:51","slug":"vitamin-c-serum","status":"publish","type":"product","link":"https:\/\/www.lynaderm.com\/tr_tr\/magaza\/kabin-urunleri\/serumlar\/serumlar-2\/vitamin-c-serum\/","title":{"rendered":"Vitamin C Serum"},"content":{"rendered":"","protected":false},"excerpt":{"rendered":"<p class=\"p1\"><b>Lekeli ve Mat Ciltler<\/b><\/p>\n<p class=\"p1\">Vitamin C serum ciltte olu\u015fmu\u015f leke, sivilce ve akne izlerinde, mat ve donuk ciltlerde kullan\u0131ma uygundur.<\/p>\n<p class=\"p1\">\u0130\u00e7erisindeki % 20 oran\u0131ndaki C vitamini ve askorbik asit ile canl\u0131 ve parlak cilt g\u00f6r\u00fcn\u00fcm\u00fc kazand\u0131r\u0131r.<span class=\"Apple-converted-space\">\u00a0<\/span><\/p>\n<p class=\"p1\">Serbest radikalleri zararlar\u0131n\u0131 elimine eder.<\/p>\n<p class=\"p1\">G\u00f6z alt\u0131 halkalar\u0131n\u0131 azaltmakta etkilidir.<\/p>\n<p>\u2022 Ak\u015fam kullan\u0131m\u0131na uygundur.<\/p>\n<p class=\"p1\"><b>Aktif \u0130\u00e7erik: <\/b>Ascorbic Acid (Vitamin C), Ferulic Acid, Hyaluronic Acid<\/p>\n<p class=\"p1\"><b>30 ml<\/b><\/p>\n","protected":false},"featured_media":1458,"comment_status":"open","ping_status":"closed","template":"","meta":[],"class_list":{"0":"post-1457","1":"product","2":"type-product","3":"status-publish","4":"has-post-thumbnail","6":"product_cat-serumlar-2","7":"product_tag-kabin-urunleri","9":"first","10":"outofstock","11":"shipping-taxable","12":"product-type-simple"},"_links":{"self":[{"href":"https:\/\/www.lynaderm.com\/tr_tr\/wp-json\/wp\/v2\/product\/1457","targetHints":{"allow":["GET"]}}],"collection":[{"href":"https:\/\/www.lynaderm.com\/tr_tr\/wp-json\/wp\/v2\/product"}],"about":[{"href":"https:\/\/www.lynaderm.com\/tr_tr\/wp-json\/wp\/v2\/types\/product"}],"replies":[{"embeddable":true,"href":"https:\/\/www.lynaderm.com\/tr_tr\/wp-json\/wp\/v2\/comments?post=1457"}],"wp:featuredmedia":[{"embeddable":true,"href":"https:\/\/www.lynaderm.com\/tr_tr\/wp-json\/wp\/v2\/media\/1458"}],"wp:attachment":[{"href":"https:\/\/www.lynaderm.com\/tr_tr\/wp-json\/wp\/v2\/media?parent=1457"}],"curies":[{"name":"wp","href":"https:\/\/api.w.org\/{rel}","templated":true}]}}