{"id":1482,"date":"2022-10-17T16:02:07","date_gmt":"2022-10-17T16:02:07","guid":{"rendered":"https:\/\/www.lynaderm.com\/?post_type=product&#038;p=1482"},"modified":"2022-10-17T16:03:01","modified_gmt":"2022-10-17T16:03:01","slug":"body-shaping-gel","status":"publish","type":"product","link":"https:\/\/www.lynaderm.com\/tr_tr\/magaza\/kabin-urunleri\/bakim-kremleri\/body-shaping-gel\/","title":{"rendered":"Body Shaping Gel\u00a0"},"content":{"rendered":"","protected":false},"excerpt":{"rendered":"<p class=\"p1\">\n<p class=\"p1\"><b>V\u00fccut \u015eekillendirici ve Sel\u00fclit Jeli<\/b><\/p>\n<p class=\"p1\">Shaping jel, sel\u00fclit g\u00f6r\u00fcn\u00fcm\u00fcn\u00fc gidermeye yard\u0131mc\u0131 olurken b\u00f6lgesel ya\u011f yak\u0131m\u0131n\u0131 aktive eder.<\/p>\n<p class=\"p1\">Aktif bitkisel i\u00e7eri\u011fi sayesinde ciltte detoks yapar ve kan dola\u015f\u0131m\u0131n\u0131 h\u0131zland\u0131r\u0131r.<span class=\"Apple-converted-space\">\u00a0<\/span><\/p>\n<p class=\"p1\">\u00d6dem at\u0131c\u0131 etkisi ile kaslarda enerji metabolizmas\u0131n\u0131 uyararak ya\u011f yak\u0131m\u0131na yard\u0131mc\u0131 olur.<span class=\"Apple-converted-space\">\u00a0<\/span><\/p>\n<p class=\"p1\">Cilt y\u00fczeyinin ipeksi ve p\u00fcr\u00fczs\u00fcz g\u00f6r\u00fcnmesine destek sa\u011flar.<\/p>\n<p class=\"p1\"><b>Aktif \u0130\u00e7erik: <\/b>Spirulina Platensis Extract, Caffeine, Carnitine, Biberiye Ya\u011f\u0131<\/p>\n<p class=\"p1\">250 ml<\/p>\n","protected":false},"featured_media":1483,"comment_status":"open","ping_status":"closed","template":"","meta":[],"class_list":{"0":"post-1482","1":"product","2":"type-product","3":"status-publish","4":"has-post-thumbnail","6":"product_cat-bakim-kremleri","7":"product_tag-kabin-urunleri","9":"first","10":"outofstock","11":"shipping-taxable","12":"product-type-simple"},"_links":{"self":[{"href":"https:\/\/www.lynaderm.com\/tr_tr\/wp-json\/wp\/v2\/product\/1482","targetHints":{"allow":["GET"]}}],"collection":[{"href":"https:\/\/www.lynaderm.com\/tr_tr\/wp-json\/wp\/v2\/product"}],"about":[{"href":"https:\/\/www.lynaderm.com\/tr_tr\/wp-json\/wp\/v2\/types\/product"}],"replies":[{"embeddable":true,"href":"https:\/\/www.lynaderm.com\/tr_tr\/wp-json\/wp\/v2\/comments?post=1482"}],"wp:featuredmedia":[{"embeddable":true,"href":"https:\/\/www.lynaderm.com\/tr_tr\/wp-json\/wp\/v2\/media\/1483"}],"wp:attachment":[{"href":"https:\/\/www.lynaderm.com\/tr_tr\/wp-json\/wp\/v2\/media?parent=1482"}],"curies":[{"name":"wp","href":"https:\/\/api.w.org\/{rel}","templated":true}]}}