{"id":1486,"date":"2022-10-18T10:33:48","date_gmt":"2022-10-18T10:33:48","guid":{"rendered":"https:\/\/www.lynaderm.com\/?post_type=product&#038;p=1486"},"modified":"2022-10-18T10:34:29","modified_gmt":"2022-10-18T10:34:29","slug":"sun-cream-spf-50","status":"publish","type":"product","link":"https:\/\/www.lynaderm.com\/tr_tr\/magaza\/kabin-urunleri\/bakim-kremleri\/sun-cream-spf-50\/","title":{"rendered":"Sun Cream SPF 50+"},"content":{"rendered":"","protected":false},"excerpt":{"rendered":"<p class=\"p1\">\n<p class=\"p1\"><b>G\u00fcne\u015f Kremi 50 +Spf<\/b><\/p>\n<p class=\"p1\">UVB \u0131\u015f\u0131nlar\u0131n\u0131n zararl\u0131 ve yak\u0131c\u0131 etkisine kar\u015f\u0131 cildinizi korumaya<span class=\"Apple-converted-space\">\u00a0<\/span><\/p>\n<p class=\"p1\">yard\u0131mc\u0131 olur.<span class=\"Apple-converted-space\">\u00a0<\/span><\/p>\n<p class=\"p1\">Cilt ya\u015flanmas\u0131na neden olan UVA \u0131\u015f\u0131nlar\u0131na kar\u015f\u0131 etkili koruma sa\u011flar.<span class=\"Apple-converted-space\">\u00a0<\/span><\/p>\n<p class=\"p1\">Kimyasal ve fiziksel koruyucu filtre i\u00e7erir.<span class=\"Apple-converted-space\">\u00a0<\/span><\/p>\n<p class=\"p1\">UV \u0131\u015f\u0131nlar\u0131n\u0131n olumsuz etkilerine y\u00f6nelik Hyaluronic Acid ile zenginle\u015ftirilmi\u015ftir. <span class=\"Apple-converted-space\">\u00a0<\/span><\/p>\n<p class=\"p1\">\u0130z b\u0131rakmaz.<\/p>\n<p class=\"p1\">\u2022Sabah kullan\u0131m\u0131 uygundur. G\u00fcne\u015fe \u00e7\u0131kmadan 20 dakika \u00f6nce kullan\u0131lmas\u0131 tavsiye edilir.<\/p>\n<p class=\"p1\"><b>Aktif \u0130\u00e7erik: <\/b>\u00c7inko Oxit, Titanium Dioxide, Zeytin Ya\u011f\u0131,<span class=\"Apple-converted-space\">\u00a0 <\/span>Hyaluronic Acid, Alfa Arbutin<\/p>\n<p class=\"p1\">150 ml<\/p>\n","protected":false},"featured_media":1487,"comment_status":"open","ping_status":"closed","template":"","meta":[],"class_list":{"0":"post-1486","1":"product","2":"type-product","3":"status-publish","4":"has-post-thumbnail","6":"product_cat-bakim-kremleri","7":"product_tag-kabin-urunleri","9":"first","10":"outofstock","11":"shipping-taxable","12":"product-type-simple"},"_links":{"self":[{"href":"https:\/\/www.lynaderm.com\/tr_tr\/wp-json\/wp\/v2\/product\/1486","targetHints":{"allow":["GET"]}}],"collection":[{"href":"https:\/\/www.lynaderm.com\/tr_tr\/wp-json\/wp\/v2\/product"}],"about":[{"href":"https:\/\/www.lynaderm.com\/tr_tr\/wp-json\/wp\/v2\/types\/product"}],"replies":[{"embeddable":true,"href":"https:\/\/www.lynaderm.com\/tr_tr\/wp-json\/wp\/v2\/comments?post=1486"}],"wp:featuredmedia":[{"embeddable":true,"href":"https:\/\/www.lynaderm.com\/tr_tr\/wp-json\/wp\/v2\/media\/1487"}],"wp:attachment":[{"href":"https:\/\/www.lynaderm.com\/tr_tr\/wp-json\/wp\/v2\/media?parent=1486"}],"curies":[{"name":"wp","href":"https:\/\/api.w.org\/{rel}","templated":true}]}}