{"id":1499,"date":"2022-10-18T12:10:47","date_gmt":"2022-10-18T12:10:47","guid":{"rendered":"https:\/\/www.lynaderm.com\/?post_type=product&#038;p=1499"},"modified":"2022-11-22T06:23:07","modified_gmt":"2022-11-22T06:23:07","slug":"cleansing-milk-2","status":"publish","type":"product","link":"https:\/\/www.lynaderm.com\/tr_tr\/magaza\/satis-urunleri\/temizleyiciler-satis-urunleri\/cleansing-milk-2\/","title":{"rendered":"Cleansing Milk"},"content":{"rendered":"","protected":false},"excerpt":{"rendered":"<p class=\"p1\">Hassas, Kuru, Olgun Cilt Tipleri \u0130\u00e7in Temizleme S\u00fct\u00fc<\/p>\n<p class=\"p1\">Hassas, kuru, kuperozlu, olgun cilt tiplerinin kullan\u0131m\u0131 i\u00e7in uygundur. Cildi derinlemesine temizlerken, yumu\u015fak yap\u0131s\u0131 sayesinde cildi koruyarak bak\u0131ma haz\u0131rlar.<\/p>\n<p class=\"p1\">\u2022 Sabah \u2013 ak\u015fam kullan\u0131ma uygundur. <span class=\"Apple-converted-space\">\u00a0<\/span><\/p>\n<p class=\"p1\">Aktif \u0130\u00e7erik: At Kestanesi \u00d6z\u00fc, Linoleic Acid<\/p>\n<p class=\"p1\">150 ml<\/p>\n<p>&nbsp;<\/p>\n","protected":false},"featured_media":1500,"comment_status":"open","ping_status":"closed","template":"","meta":[],"class_list":{"0":"post-1499","1":"product","2":"type-product","3":"status-publish","4":"has-post-thumbnail","6":"product_cat-temizleyiciler-satis-urunleri","7":"product_tag-satis-urunleri","9":"first","10":"outofstock","11":"shipping-taxable","12":"product-type-simple"},"_links":{"self":[{"href":"https:\/\/www.lynaderm.com\/tr_tr\/wp-json\/wp\/v2\/product\/1499","targetHints":{"allow":["GET"]}}],"collection":[{"href":"https:\/\/www.lynaderm.com\/tr_tr\/wp-json\/wp\/v2\/product"}],"about":[{"href":"https:\/\/www.lynaderm.com\/tr_tr\/wp-json\/wp\/v2\/types\/product"}],"replies":[{"embeddable":true,"href":"https:\/\/www.lynaderm.com\/tr_tr\/wp-json\/wp\/v2\/comments?post=1499"}],"wp:featuredmedia":[{"embeddable":true,"href":"https:\/\/www.lynaderm.com\/tr_tr\/wp-json\/wp\/v2\/media\/1500"}],"wp:attachment":[{"href":"https:\/\/www.lynaderm.com\/tr_tr\/wp-json\/wp\/v2\/media?parent=1499"}],"curies":[{"name":"wp","href":"https:\/\/api.w.org\/{rel}","templated":true}]}}