{"id":1501,"date":"2022-10-18T12:11:55","date_gmt":"2022-10-18T12:11:55","guid":{"rendered":"https:\/\/www.lynaderm.com\/?post_type=product&#038;p=1501"},"modified":"2022-10-18T12:12:27","modified_gmt":"2022-10-18T12:12:27","slug":"micellar-cleansing-water-2","status":"publish","type":"product","link":"https:\/\/www.lynaderm.com\/tr_tr\/magaza\/satis-urunleri\/temizleyiciler-satis-urunleri\/micellar-cleansing-water-2\/","title":{"rendered":"Micellar Cleansing Water"},"content":{"rendered":"","protected":false},"excerpt":{"rendered":"<p class=\"p1\">\n<p class=\"p1\">T\u00fcm Cilt Tipleri Makyaj Temizleme Suyu<\/p>\n<p class=\"p1\">Micellar su, cildi temizlemeye ve tonlamaya yard\u0131mc\u0131 olan bir cilt bak\u0131m \u00fcr\u00fcn\u00fcd\u00fcr.<span class=\"Apple-converted-space\">\u00a0<\/span><\/p>\n<p class=\"p1\">Cilt nemini artt\u0131rmaya, kir ve ya\u011f\u0131 temizlemeye ve cildin temiz kalmas\u0131na yard\u0131mc\u0131 olur.<span class=\"Apple-converted-space\">\u00a0<\/span><\/p>\n<p class=\"p1\">Hassas ciltler de dahil olmak \u00fczere t\u00fcm cilt tipleri i\u00e7in uygundur.<\/p>\n<p class=\"p1\">\u2022 Makyaj temizli\u011fi gerektiren durumlarda kullan\u0131l\u0131r<\/p>\n<p class=\"p1\">Aktif \u0130\u00e7erik: Papatya \u00d6z\u00fc, Limon Otu<\/p>\n<p class=\"p1\">400 ml<\/p>\n","protected":false},"featured_media":1502,"comment_status":"open","ping_status":"closed","template":"","meta":[],"class_list":{"0":"post-1501","1":"product","2":"type-product","3":"status-publish","4":"has-post-thumbnail","6":"product_cat-temizleyiciler-satis-urunleri","7":"product_tag-satis-urunleri","9":"first","10":"outofstock","11":"shipping-taxable","12":"product-type-simple"},"_links":{"self":[{"href":"https:\/\/www.lynaderm.com\/tr_tr\/wp-json\/wp\/v2\/product\/1501","targetHints":{"allow":["GET"]}}],"collection":[{"href":"https:\/\/www.lynaderm.com\/tr_tr\/wp-json\/wp\/v2\/product"}],"about":[{"href":"https:\/\/www.lynaderm.com\/tr_tr\/wp-json\/wp\/v2\/types\/product"}],"replies":[{"embeddable":true,"href":"https:\/\/www.lynaderm.com\/tr_tr\/wp-json\/wp\/v2\/comments?post=1501"}],"wp:featuredmedia":[{"embeddable":true,"href":"https:\/\/www.lynaderm.com\/tr_tr\/wp-json\/wp\/v2\/media\/1502"}],"wp:attachment":[{"href":"https:\/\/www.lynaderm.com\/tr_tr\/wp-json\/wp\/v2\/media?parent=1501"}],"curies":[{"name":"wp","href":"https:\/\/api.w.org\/{rel}","templated":true}]}}