{"id":1540,"date":"2022-10-19T10:17:35","date_gmt":"2022-10-19T10:17:35","guid":{"rendered":"https:\/\/www.lynaderm.com\/?post_type=product&#038;p=1540"},"modified":"2022-10-19T10:19:36","modified_gmt":"2022-10-19T10:19:36","slug":"lavender-maske","status":"publish","type":"product","link":"https:\/\/www.lynaderm.com\/tr_tr\/magaza\/satis-urunleri\/maskeler-satis-urunleri\/lavender-maske\/","title":{"rendered":"Lavender\u00a0 Maske"},"content":{"rendered":"","protected":false},"excerpt":{"rendered":"<p class=\"p1\">\n<p class=\"p1\"><b>Hassas Yorgun ve Kuru Ciltler<span class=\"Apple-converted-space\">\u00a0<\/span><\/b><\/p>\n<p class=\"p1\">Lavanta maskesi, cilt ya\u015flanmas\u0131na neden olan gerilme, k\u0131zar\u0131kl\u0131k ve iltihaplar\u0131 \u00f6nlemeye destek verir.<\/p>\n<p class=\"p1\"><b>Aktif \u0130\u00e7erik<\/b><span class=\"s1\">: <\/span>Yosun, Alt\u0131n Tozu, Hydrolized Collagen<b><span class=\"Apple-converted-space\">\u00a0<\/span><\/b><\/p>\n<p class=\"p2\">25 gr<\/p>\n","protected":false},"featured_media":1541,"comment_status":"open","ping_status":"closed","template":"","meta":[],"class_list":{"0":"post-1540","1":"product","2":"type-product","3":"status-publish","4":"has-post-thumbnail","6":"product_cat-maskeler-satis-urunleri","7":"product_tag-satis-urunleri","9":"first","10":"outofstock","11":"shipping-taxable","12":"product-type-simple"},"_links":{"self":[{"href":"https:\/\/www.lynaderm.com\/tr_tr\/wp-json\/wp\/v2\/product\/1540","targetHints":{"allow":["GET"]}}],"collection":[{"href":"https:\/\/www.lynaderm.com\/tr_tr\/wp-json\/wp\/v2\/product"}],"about":[{"href":"https:\/\/www.lynaderm.com\/tr_tr\/wp-json\/wp\/v2\/types\/product"}],"replies":[{"embeddable":true,"href":"https:\/\/www.lynaderm.com\/tr_tr\/wp-json\/wp\/v2\/comments?post=1540"}],"wp:featuredmedia":[{"embeddable":true,"href":"https:\/\/www.lynaderm.com\/tr_tr\/wp-json\/wp\/v2\/media\/1541"}],"wp:attachment":[{"href":"https:\/\/www.lynaderm.com\/tr_tr\/wp-json\/wp\/v2\/media?parent=1540"}],"curies":[{"name":"wp","href":"https:\/\/api.w.org\/{rel}","templated":true}]}}