{"id":1542,"date":"2022-10-19T10:20:46","date_gmt":"2022-10-19T10:20:46","guid":{"rendered":"https:\/\/www.lynaderm.com\/?post_type=product&#038;p=1542"},"modified":"2022-10-19T10:21:59","modified_gmt":"2022-10-19T10:21:59","slug":"arbutin-maske","status":"publish","type":"product","link":"https:\/\/www.lynaderm.com\/tr_tr\/magaza\/satis-urunleri\/maskeler-satis-urunleri\/arbutin-maske\/","title":{"rendered":"Arbutin\u00a0 Maske"},"content":{"rendered":"","protected":false},"excerpt":{"rendered":"<p class=\"p1\"><b><span class=\"Apple-converted-space\">\u00a0<\/span><\/b><\/p>\n<p class=\"p1\"><b>Lekeli Ciltler<span class=\"Apple-converted-space\">\u00a0<\/span><\/b><\/p>\n<p class=\"p1\">Arbutin, ciltteki fazla melanini renksiz maddeyle de\u011fi\u015ftirir ve yine baz\u0131 enzimlerle birle\u015fip fazla tyrosin oksidasyonunu engellemeye yard\u0131mc\u0131 olur.<\/p>\n<p class=\"p1\"><b>Aktif \u0130\u00e7erik: <\/b>Yosun, Arbutin, Hyaluronic Asit<\/p>\n<p class=\"p2\">25 gr<\/p>\n","protected":false},"featured_media":1543,"comment_status":"open","ping_status":"closed","template":"","meta":[],"class_list":{"0":"post-1542","1":"product","2":"type-product","3":"status-publish","4":"has-post-thumbnail","6":"product_cat-maskeler-satis-urunleri","7":"product_tag-satis-urunleri","9":"first","10":"outofstock","11":"shipping-taxable","12":"product-type-simple"},"_links":{"self":[{"href":"https:\/\/www.lynaderm.com\/tr_tr\/wp-json\/wp\/v2\/product\/1542","targetHints":{"allow":["GET"]}}],"collection":[{"href":"https:\/\/www.lynaderm.com\/tr_tr\/wp-json\/wp\/v2\/product"}],"about":[{"href":"https:\/\/www.lynaderm.com\/tr_tr\/wp-json\/wp\/v2\/types\/product"}],"replies":[{"embeddable":true,"href":"https:\/\/www.lynaderm.com\/tr_tr\/wp-json\/wp\/v2\/comments?post=1542"}],"wp:featuredmedia":[{"embeddable":true,"href":"https:\/\/www.lynaderm.com\/tr_tr\/wp-json\/wp\/v2\/media\/1543"}],"wp:attachment":[{"href":"https:\/\/www.lynaderm.com\/tr_tr\/wp-json\/wp\/v2\/media?parent=1542"}],"curies":[{"name":"wp","href":"https:\/\/api.w.org\/{rel}","templated":true}]}}