{"id":1552,"date":"2022-10-22T08:15:30","date_gmt":"2022-10-22T08:15:30","guid":{"rendered":"https:\/\/www.lynaderm.com\/?post_type=product&#038;p=1552"},"modified":"2022-10-22T08:16:12","modified_gmt":"2022-10-22T08:16:12","slug":"collagen-serum-2","status":"publish","type":"product","link":"https:\/\/www.lynaderm.com\/tr_tr\/magaza\/satis-urunleri\/serumlar-satis-urunleri\/collagen-serum-2\/","title":{"rendered":"Collagen Serum"},"content":{"rendered":"","protected":false},"excerpt":{"rendered":"<p>Elastikiyet \/ S\u0131k\u0131la\u015fma<\/p>\n<p>\u0130\u00e7eri\u011findeki bitkisel kolajen (k\u0131rm\u0131z\u0131, sar\u0131 ve ye\u015fil bitki kar\u0131\u015f\u0131mlar\u0131) sayesinde fibroblastlar\u0131 tetikleyerek yeni kolajen olu\u015fumunu sa\u011flar.<br \/>\nCilt elastikiyetini art\u0131rarak daha s\u0131k\u0131 ve canl\u0131 bir g\u00f6r\u00fcn\u00fcm kazand\u0131r\u0131r.<br \/>\n\u2022 Sabah \u2013 ak\u015fam kullan\u0131m\u0131 uygundur<br \/>\nAktif \u0130\u00e7erik: Collagen, Retinol, Hyaluronic Asit<\/p>\n<p>30 ml<\/p>\n","protected":false},"featured_media":1449,"comment_status":"open","ping_status":"closed","template":"","meta":[],"class_list":{"0":"post-1552","1":"product","2":"type-product","3":"status-publish","4":"has-post-thumbnail","6":"product_cat-serumlar-satis-urunleri","7":"product_tag-satis-urunleri","9":"first","10":"outofstock","11":"shipping-taxable","12":"product-type-simple"},"_links":{"self":[{"href":"https:\/\/www.lynaderm.com\/tr_tr\/wp-json\/wp\/v2\/product\/1552","targetHints":{"allow":["GET"]}}],"collection":[{"href":"https:\/\/www.lynaderm.com\/tr_tr\/wp-json\/wp\/v2\/product"}],"about":[{"href":"https:\/\/www.lynaderm.com\/tr_tr\/wp-json\/wp\/v2\/types\/product"}],"replies":[{"embeddable":true,"href":"https:\/\/www.lynaderm.com\/tr_tr\/wp-json\/wp\/v2\/comments?post=1552"}],"wp:featuredmedia":[{"embeddable":true,"href":"https:\/\/www.lynaderm.com\/tr_tr\/wp-json\/wp\/v2\/media\/1449"}],"wp:attachment":[{"href":"https:\/\/www.lynaderm.com\/tr_tr\/wp-json\/wp\/v2\/media?parent=1552"}],"curies":[{"name":"wp","href":"https:\/\/api.w.org\/{rel}","templated":true}]}}