{"id":1562,"date":"2022-10-22T08:30:01","date_gmt":"2022-10-22T08:30:01","guid":{"rendered":"https:\/\/www.lynaderm.com\/?post_type=product&#038;p=1562"},"modified":"2023-12-11T12:16:06","modified_gmt":"2023-12-11T12:16:06","slug":"aloe-vera-gel","status":"publish","type":"product","link":"https:\/\/www.lynaderm.com\/tr_tr\/magaza\/satis-urunleri\/aloe-vera-gel\/","title":{"rendered":"Aloe Vera Gel"},"content":{"rendered":"","protected":false},"excerpt":{"rendered":"<p>Sakinle\u015ftirici Jel<\/p>\n<p>T\u00fcm cilt tiplerinde cildi nemlendirmek ve sakinle\u015ftirmek i\u00e7in kullan\u0131l\u0131r.<br \/>\nAktif \u0130\u00e7erik: Aloe Barbadansis Leaf Extract, Aesculus Hippocastanum Seed Extract, Menthol<\/p>\n<p>150 ml<\/p>\n","protected":false},"featured_media":1734,"comment_status":"open","ping_status":"closed","template":"","meta":[],"class_list":{"0":"post-1562","1":"product","2":"type-product","3":"status-publish","4":"has-post-thumbnail","6":"product_cat-bakim-kremleri-satis-urunleri","7":"product_cat-satis-urunleri","8":"product_tag-satis-urunleri","10":"first","11":"outofstock","12":"shipping-taxable","13":"product-type-simple"},"_links":{"self":[{"href":"https:\/\/www.lynaderm.com\/tr_tr\/wp-json\/wp\/v2\/product\/1562","targetHints":{"allow":["GET"]}}],"collection":[{"href":"https:\/\/www.lynaderm.com\/tr_tr\/wp-json\/wp\/v2\/product"}],"about":[{"href":"https:\/\/www.lynaderm.com\/tr_tr\/wp-json\/wp\/v2\/types\/product"}],"replies":[{"embeddable":true,"href":"https:\/\/www.lynaderm.com\/tr_tr\/wp-json\/wp\/v2\/comments?post=1562"}],"wp:featuredmedia":[{"embeddable":true,"href":"https:\/\/www.lynaderm.com\/tr_tr\/wp-json\/wp\/v2\/media\/1734"}],"wp:attachment":[{"href":"https:\/\/www.lynaderm.com\/tr_tr\/wp-json\/wp\/v2\/media?parent=1562"}],"curies":[{"name":"wp","href":"https:\/\/api.w.org\/{rel}","templated":true}]}}