{"id":1566,"date":"2022-10-22T08:32:32","date_gmt":"2022-10-22T08:32:32","guid":{"rendered":"https:\/\/www.lynaderm.com\/?post_type=product&#038;p=1566"},"modified":"2022-11-28T08:32:10","modified_gmt":"2022-11-28T08:32:10","slug":"bb-cream-dark-spf-30","status":"publish","type":"product","link":"https:\/\/www.lynaderm.com\/tr_tr\/magaza\/satis-urunleri\/bakim-kremleri-satis-urunleri\/bb-cream-dark-spf-30\/","title":{"rendered":"Bb Cream Dark Spf 50+"},"content":{"rendered":"","protected":false},"excerpt":{"rendered":"<p>UVB-UVA \u0131\u015f\u0131nlar\u0131n\u0131n zararl\u0131 etkisine kar\u015f\u0131 cildi korumaya yard\u0131mc\u0131 olur. G\u00fc\u00e7l\u00fc form\u00fcl\u00fc ile cildi besler ve nemlendirir. \u0130nce \u00e7izgilerin, g\u00f6zeneklerin ve di\u011fer cilt kusurlar\u0131n\u0131n g\u00f6r\u00fcn\u00fcm\u00fcn\u00fc<br \/>\nazalt\u0131r. Kremsi yap\u0131s\u0131 sayesinde rahat uygulan\u0131r ve cildi kurutmaz. Cildin daha canl\u0131 g\u00f6r\u00fcnmesine yard\u0131mc\u0131 olur.<br \/>\nAktif \u0130\u00e7erik: Hyaluronic Acid, Vitamin B5, Madecassoside, Titanium Dioxide<\/p>\n<p>50 ml<\/p>\n","protected":false},"featured_media":1567,"comment_status":"open","ping_status":"closed","template":"","meta":[],"class_list":{"0":"post-1566","1":"product","2":"type-product","3":"status-publish","4":"has-post-thumbnail","6":"product_cat-bakim-kremleri-satis-urunleri","7":"product_tag-satis-urunleri","9":"first","10":"outofstock","11":"shipping-taxable","12":"product-type-simple"},"_links":{"self":[{"href":"https:\/\/www.lynaderm.com\/tr_tr\/wp-json\/wp\/v2\/product\/1566","targetHints":{"allow":["GET"]}}],"collection":[{"href":"https:\/\/www.lynaderm.com\/tr_tr\/wp-json\/wp\/v2\/product"}],"about":[{"href":"https:\/\/www.lynaderm.com\/tr_tr\/wp-json\/wp\/v2\/types\/product"}],"replies":[{"embeddable":true,"href":"https:\/\/www.lynaderm.com\/tr_tr\/wp-json\/wp\/v2\/comments?post=1566"}],"wp:featuredmedia":[{"embeddable":true,"href":"https:\/\/www.lynaderm.com\/tr_tr\/wp-json\/wp\/v2\/media\/1567"}],"wp:attachment":[{"href":"https:\/\/www.lynaderm.com\/tr_tr\/wp-json\/wp\/v2\/media?parent=1566"}],"curies":[{"name":"wp","href":"https:\/\/api.w.org\/{rel}","templated":true}]}}