{"id":1570,"date":"2022-10-22T08:43:27","date_gmt":"2022-10-22T08:43:27","guid":{"rendered":"https:\/\/www.lynaderm.com\/?post_type=product&#038;p=1570"},"modified":"2022-10-22T08:46:30","modified_gmt":"2022-10-22T08:46:30","slug":"siyah-goz-bandi","status":"publish","type":"product","link":"https:\/\/www.lynaderm.com\/tr_tr\/magaza\/satis-urunleri\/aksesuarlar\/siyah-goz-bandi\/","title":{"rendered":"Kahverengi G\u00f6z Band\u0131"},"content":{"rendered":"","protected":false},"excerpt":{"rendered":"<p>LAVANTALI G\u00d6Z MASKES\u0130<\/p>\n<p>Yap\u0131lan bilimsel ara\u015ft\u0131rmalar lavanta kokusunun rahatlama sa\u011flayarak dinginle\u015ftirici etkisi oldu\u011funu kan\u0131tlam\u0131\u015ft\u0131r.<\/p>\n<p>Dinginle\u015ftirici \u00f6zelli\u011finin yan\u0131nda hafif sedatif (yat\u0131\u015ft\u0131r\u0131c\u0131 ve uyku verici) \u00f6zelli\u011fi oldu\u011fu da g\u00f6r\u00fclm\u00fc\u015ft\u00fcr.<\/p>\n<p>Cilt bak\u0131mlar\u0131n\u0131zda, maske uygulamas\u0131n\u0131n bekleme s\u00fcresini lavantal\u0131 g\u00f6z band\u0131 ile daha konforlu hale getirebilirsiniz.<\/p>\n","protected":false},"featured_media":1571,"comment_status":"open","ping_status":"closed","template":"","meta":[],"class_list":{"0":"post-1570","1":"product","2":"type-product","3":"status-publish","4":"has-post-thumbnail","6":"product_cat-aksesuarlar","7":"product_tag-satis-urunleri","9":"first","10":"outofstock","11":"shipping-taxable","12":"product-type-simple"},"_links":{"self":[{"href":"https:\/\/www.lynaderm.com\/tr_tr\/wp-json\/wp\/v2\/product\/1570","targetHints":{"allow":["GET"]}}],"collection":[{"href":"https:\/\/www.lynaderm.com\/tr_tr\/wp-json\/wp\/v2\/product"}],"about":[{"href":"https:\/\/www.lynaderm.com\/tr_tr\/wp-json\/wp\/v2\/types\/product"}],"replies":[{"embeddable":true,"href":"https:\/\/www.lynaderm.com\/tr_tr\/wp-json\/wp\/v2\/comments?post=1570"}],"wp:featuredmedia":[{"embeddable":true,"href":"https:\/\/www.lynaderm.com\/tr_tr\/wp-json\/wp\/v2\/media\/1571"}],"wp:attachment":[{"href":"https:\/\/www.lynaderm.com\/tr_tr\/wp-json\/wp\/v2\/media?parent=1570"}],"curies":[{"name":"wp","href":"https:\/\/api.w.org\/{rel}","templated":true}]}}