{"id":1574,"date":"2022-10-22T08:46:53","date_gmt":"2022-10-22T08:46:53","guid":{"rendered":"https:\/\/www.lynaderm.com\/?post_type=product&#038;p=1574"},"modified":"2022-10-22T08:47:42","modified_gmt":"2022-10-22T08:47:42","slug":"cilt-temizleme-havlusu","status":"publish","type":"product","link":"https:\/\/www.lynaderm.com\/tr_tr\/magaza\/satis-urunleri\/aksesuarlar\/cilt-temizleme-havlusu\/","title":{"rendered":"Cilt Temizleme Havlusu"},"content":{"rendered":"","protected":false},"excerpt":{"rendered":"<p>Cilt bak\u0131mlar\u0131n\u0131zda kullanabilece\u011finiz ki\u015fiye \u00f6zel, tek kullan\u0131ml\u0131k, hijyenik temizleme havlusudur.<\/p>\n<p>Yumu\u015fak dokusu ile ki\u015fiye ho\u015f bir his verir.<\/p>\n<p>S\u0131f\u0131r bakteri riski ile ki\u015finin cildini korur.<\/p>\n<p>% 100 geri d\u00f6n\u00fc\u015f\u00fcml\u00fc \u00fcr\u00fcnd\u00fcr.<\/p>\n","protected":false},"featured_media":1575,"comment_status":"open","ping_status":"closed","template":"","meta":[],"class_list":{"0":"post-1574","1":"product","2":"type-product","3":"status-publish","4":"has-post-thumbnail","6":"product_cat-aksesuarlar","7":"product_tag-satis-urunleri","9":"first","10":"outofstock","11":"shipping-taxable","12":"product-type-simple"},"_links":{"self":[{"href":"https:\/\/www.lynaderm.com\/tr_tr\/wp-json\/wp\/v2\/product\/1574","targetHints":{"allow":["GET"]}}],"collection":[{"href":"https:\/\/www.lynaderm.com\/tr_tr\/wp-json\/wp\/v2\/product"}],"about":[{"href":"https:\/\/www.lynaderm.com\/tr_tr\/wp-json\/wp\/v2\/types\/product"}],"replies":[{"embeddable":true,"href":"https:\/\/www.lynaderm.com\/tr_tr\/wp-json\/wp\/v2\/comments?post=1574"}],"wp:featuredmedia":[{"embeddable":true,"href":"https:\/\/www.lynaderm.com\/tr_tr\/wp-json\/wp\/v2\/media\/1575"}],"wp:attachment":[{"href":"https:\/\/www.lynaderm.com\/tr_tr\/wp-json\/wp\/v2\/media?parent=1574"}],"curies":[{"name":"wp","href":"https:\/\/api.w.org\/{rel}","templated":true}]}}