{"id":1576,"date":"2022-10-22T08:53:39","date_gmt":"2022-10-22T08:53:39","guid":{"rendered":"https:\/\/www.lynaderm.com\/?post_type=product&#038;p=1576"},"modified":"2022-10-22T08:54:54","modified_gmt":"2022-10-22T08:54:54","slug":"aventurin-stone","status":"publish","type":"product","link":"https:\/\/www.lynaderm.com\/tr_tr\/magaza\/satis-urunleri\/aksesuarlar\/aventurin-stone\/","title":{"rendered":"Luxury Stone Therapy with Aventurin Stones"},"content":{"rendered":"","protected":false},"excerpt":{"rendered":"<p>Aventurin ta\u015f\u0131, kuvars grubuna ait bir mineraldir. Eski d\u00f6nemlerde aventurin ta\u015f\u0131 i\u00e7in \u201cperilerin hazinesi\u201d denirmi\u015f. \u015eans ta\u015f\u0131 olarak da bilinen ye\u015fil aventurin ta\u015f\u0131 hala bolluk, bereket ve \u015fans getirmesi i\u00e7in kullan\u0131lmaya devam edilmektedir.<br \/>\nNeden Uygulamal\u0131s\u0131n\u0131z?<br \/>\nAventurin ta\u015f\u0131n\u0131n tene direkt temas etmesi ki\u015fide olumlu etki yaratmaktad\u0131r.<br \/>\nAventurin ta\u015f\u0131n\u0131n antienflamatuar \u00f6zelli\u011fi vard\u0131r ve lekeler, akne, egzama, rosacea ve cilt alerjileri gibi cilt hastal\u0131klar\u0131n\u0131n hafifletilmesine yard\u0131mc\u0131 olur. (Masaj akne gibi alanlar\u0131 atlayarak yap\u0131lmal\u0131d\u0131r.)<br \/>\nKi\u015fiye canl\u0131l\u0131k, enerji, hareketlilik verir.<br \/>\nKayg\u0131 ve korku gibi depresif durumlarda ki\u015fide rahatlat\u0131c\u0131 bir etkiye sahiptir. Rahatlat\u0131c\u0131 enerji sadece ki\u015fiyi de\u011fil etraf\u0131ndakileri de etkilemektedir.<br \/>\nDo\u011fadan kaynaklanan titre\u015fimler hem beden hem de zihin \u00fczerinde yat\u0131\u015ft\u0131r\u0131c\u0131 etki sa\u011flar. Aventurin ta\u015f\u0131n\u0131n titre\u015fim enerjisi ki\u015fiyi topraklamaktad\u0131r.<br \/>\nBedenin yin ve yang enerjilerini dengeleyerek olumsuz d\u00fc\u015f\u00fcnceleri yok eder yani bedendeki eril ve di\u015fil enerjiyi dengeler.<br \/>\nT\u0131kanm\u0131\u015f \u00e7akralar\u0131 temizleyerek beden, zihin ve ruhun birli\u011fini sa\u011flar.<br \/>\nNas\u0131l uygulamal\u0131s\u0131n\u0131z?<br \/>\nMasaj, temizlenmi\u015f cilde yap\u0131lmal\u0131d\u0131r.<br \/>\nTerapi; misafirinizi rahatlatacak bir m\u00fczik, g\u00fczel bir koku ve mum \u0131\u015f\u0131\u011f\u0131 e\u015fli\u011finde yap\u0131lmal\u0131d\u0131r.<br \/>\nMasaj terapisine ba\u015flarken; misafirinizin gev\u015femesini sa\u011flayarak derin nefesler al\u0131p vermesini istemelisiniz.<br \/>\nMasaj, kas ve lenf y\u00f6nlerine paralel olarak yap\u0131lmal\u0131d\u0131r.<br \/>\nBoyun ve y\u00fcz masaj\u0131nda, k\u0131r\u0131\u015f\u0131kl\u0131k \u00fczerinde \u00e7al\u0131\u015f\u0131rken zigzag hareketi ile uygulama yap\u0131lmal\u0131d\u0131r.<br \/>\nTerapi s\u00fcrecinde misafiriniz, ta\u015flar\u0131n v\u00fccudundaki negatif enerjiyi emdi\u011fini hissedecektir.Aventurin ta\u015flar\u0131n negatif enerjileri emme \u00f6zelli\u011finden dolay\u0131, her masaj uygulamas\u0131ndan sonra d\u00fczenli olarak temizlenmesi tavsiye edilir.<\/p>\n","protected":false},"featured_media":1577,"comment_status":"open","ping_status":"closed","template":"","meta":[],"class_list":{"0":"post-1576","1":"product","2":"type-product","3":"status-publish","4":"has-post-thumbnail","6":"product_cat-aksesuarlar","7":"product_tag-satis-urunleri","9":"first","10":"outofstock","11":"shipping-taxable","12":"product-type-simple"},"_links":{"self":[{"href":"https:\/\/www.lynaderm.com\/tr_tr\/wp-json\/wp\/v2\/product\/1576","targetHints":{"allow":["GET"]}}],"collection":[{"href":"https:\/\/www.lynaderm.com\/tr_tr\/wp-json\/wp\/v2\/product"}],"about":[{"href":"https:\/\/www.lynaderm.com\/tr_tr\/wp-json\/wp\/v2\/types\/product"}],"replies":[{"embeddable":true,"href":"https:\/\/www.lynaderm.com\/tr_tr\/wp-json\/wp\/v2\/comments?post=1576"}],"wp:featuredmedia":[{"embeddable":true,"href":"https:\/\/www.lynaderm.com\/tr_tr\/wp-json\/wp\/v2\/media\/1577"}],"wp:attachment":[{"href":"https:\/\/www.lynaderm.com\/tr_tr\/wp-json\/wp\/v2\/media?parent=1576"}],"curies":[{"name":"wp","href":"https:\/\/api.w.org\/{rel}","templated":true}]}}